{"id":3239,"date":"2021-06-24T10:57:37","date_gmt":"2021-06-24T10:57:37","guid":{"rendered":"https:\/\/promo-theme.com\/novo\/?page_id=3239"},"modified":"2024-11-12T01:47:58","modified_gmt":"2024-11-12T00:47:58","slug":"one-page-white","status":"publish","type":"page","link":"https:\/\/nayehza.com\/","title":{"rendered":"One Page"},"content":{"rendered":"<div class=\"wpb-content-wrapper\"><p>[vc_row full_width=&#8221;stretch_row_content_no_spaces&#8221;][vc_column]<div class=\"banner-area banner-area-5d5fcaff87039 external-indent banner-color-inherit\" data-settings=\"{&quot;loop&quot;:true,&quot;speed&quot;:500,&quot;autoplay&quot;:{&quot;delay&quot;:5000,&quot;disableOnInteraction&quot;:false,&quot;pauseOnMouseEnter&quot;:false},&quot;arrows&quot;:true,&quot;dots&quot;:true,&quot;dots_position&quot;:&quot;right-bottom&quot;,&quot;animation&quot;:&quot;&quot;}\"><div class=\"banner-social-buttons\"><div class=\"links\"><a href=\"#\" class=\"item\" target=_self\"><i class=\"fab fa-facebook-f\"><\/i><span>Facebook<\/span><\/a><a href=\"https:\/\/www.instagram.com\/nayehza.data\/\" class=\"item\" target=_self\"><i class=\"fab fa-instagram\"><\/i><span>Instagram<\/span><\/a><\/div><\/div><div class=\"banner-categories vertical-align-bottom text-align-left\"><div class=\"item\"><a href=\"https:\/\/nayehza.com\/index.php\/sweeping\/\" target=\"_self\" style=\"background-image: url(https:\/\/nayehza.com\/wp-content\/uploads\/2024\/11\/Sweeping.jpg);\"><span><span class=\"num\"><\/span><span class=\"h\">Sweeping<\/span><\/span><\/a><\/div><div class=\"item\"><a href=\"https:\/\/nayehza.com\/index.php\/screening\/\" target=\"_self\" style=\"background-image: url(https:\/\/nayehza.com\/wp-content\/uploads\/2024\/11\/Screening.jpg);\"><span><span class=\"num\"><\/span><span class=\"h\">Screening<\/span><\/span><\/a><\/div><div class=\"item\"><a href=\"https:\/\/nayehza.com\/index.php\/e-reputation\/\" target=\"_self\" style=\"background-image: url(https:\/\/nayehza.com\/wp-content\/uploads\/2024\/11\/E-reputation.jpg);\"><span><span class=\"num\"><\/span><span class=\"h\">E-R\u00e9putation<\/span><\/span><\/a><\/div><div class=\"item\"><a href=\"https:\/\/nayehza.com\/index.php\/data-protection-officer\/\" target=\"_self\" style=\"background-image: url(https:\/\/nayehza.com\/wp-content\/uploads\/2024\/11\/RGPD.jpg);\"><span><span class=\"num\"><\/span><span class=\"h\">RGPD<\/span><\/span><\/a><\/div><\/div><div class=\"banner-about content\"><div class=\"row\"><div class=\"image col-12 col-md-6\" style=\"background-image: url(https:\/\/nayehza.com\/wp-content\/uploads\/2024\/09\/pexels-tima-miroshnichenko-5380664.jpg)\"><\/div><div class=\"text col-12 col-md-6\"><div class=\"wrap\"><div class=\"cell\"><div class=\"image\" style=\"background-image: url(https:\/\/nayehza.com\/wp-content\/uploads\/2024\/09\/pexels-tima-miroshnichenko-5380664.jpg)\"><\/div><div class=\"sub-h\">\u00c0 Propos de NAYEHZA<\/div><div class=\"heading-decor\"><h3>Notre Mission<\/h3><\/div><div class=\"text-p\">Chez NAYEHZA, notre mission est de garantir la confidentialit\u00e9 et la s\u00e9curit\u00e9 des informations personnelles et sensibles de nos clients. Nous croyons fermement que la protection des donn\u00e9es est un droit fondamental, et nous mettons tout en \u0153uvre pour aider les entreprises et les particuliers \u00e0 prot\u00e9ger ce droit. Que ce soit par le biais d\u2019audits de conformit\u00e9 RGPD, de d\u00e9tection d'\u00e9coutes cach\u00e9es, d'analyse des risques via OSINT, ou de gestion de l'e-r\u00e9putation, nous sommes l\u00e0 pour vous prot\u00e9ger.<\/div><\/div><\/div><\/div><\/div><\/div><div class=\"banner-right-buttons\"><div class=\"cell\"><div class=\"button category\"><span class=\"h\">Cat\u00e9gories<\/span><span class=\"close\"><i class=\"basic-ui-icon-cancel\"><\/i>Close<\/span><\/div><div class=\"button about\"><span class=\"h\">\u00c0 propos de<\/span><span class=\"close\"><i class=\"basic-ui-icon-cancel\"><\/i>Close<\/span><\/div><\/div><\/div><div class=\"banner banner-5d5fcaff87039  arrows-right-bottom pagination-right-bottom\" style=\" --transition-speed: 2500ms;\"><div class=\"swiper-container\"><div class=\"swiper-wrapper\"><div class=\"item swiper-slide banner-item-5d5fde83e39f2 tal with-shadow white\">\n      <div class=\"bg-image\" style=\"\"><\/div>\n      \n    <div class=\"bg-overlay\">\n              <div class=\"video-wrap\"><video class=\"video\" playsinline muted loop src=\"http:\/\/nayehza.com\/wp-content\/uploads\/2024\/11\/AdobeStock_813162811.mov\" type=\"video\/mp4\" preload=\"none\"><\/video><\/div>                  <\/div>\n\n    \n      \n      <div class=\"container\">\n        <div class=\"cell bottom \">\n          <div class=\"heading heading-with-num-type2\">\n        <div class=\"top\">\n          <div class=\"num\"><\/div>\n          \n        <\/div>\n        <h2 class=\"h\">Sweeping - TSCM (Technical Surveillance Countermeasures)<\/h2>\n      <\/div>\n          <div class=\"text\">Identification et neutralisation de menace \u00e9lectronique.<\/div>\n          <a href=\"https:\/\/nayehza.com\/index.php\/sweeping\/\" class=\"button-style2\"><span>Lire la suite<\/span><\/a>\n          \n        <\/div>\n      <\/div>\n    <\/div><div class=\"item swiper-slide banner-item-5d5fde876bb1b tal with-shadow white\">\n      <div class=\"bg-image\" style=\"\"><\/div>\n      \n    <div class=\"bg-overlay\">\n              <div class=\"video-wrap\"><video class=\"video\" playsinline muted loop src=\"http:\/\/nayehza.com\/wp-content\/uploads\/2024\/11\/AdobeStock_679423734.mov\" type=\"video\/mp4\" preload=\"none\"><\/video><\/div>                  <\/div>\n\n    \n      \n      <div class=\"container\">\n        <div class=\"cell bottom  wpb_animate_when_almost_visible wpb_fadeIn fadeIn\">\n          <div class=\"heading heading-with-num-type2\">\n        <div class=\"top\">\n          <div class=\"num\"><\/div>\n          \n        <\/div>\n        <h2 class=\"h\">Screening<\/h2>\n      <\/div>\n          <div class=\"text\">Enqu\u00eates de Confiance des individus gr\u00e2ce aux sources d'information ouvertes (OSINT).<\/div>\n          <a href=\"https:\/\/nayehza.com\/index.php\/screening\/\" class=\"button-style2\"><span>Lire la suite<\/span><\/a>\n          \n        <\/div>\n      <\/div>\n    <\/div><div class=\"item swiper-slide banner-item-66d87f63dcea8 tal with-shadow white\">\n      <div class=\"bg-image\" style=\"\"><\/div>\n      \n    <div class=\"bg-overlay\">\n              <div class=\"video-wrap\"><video class=\"video\" playsinline muted loop src=\"http:\/\/nayehza.com\/wp-content\/uploads\/2024\/11\/AdobeStock_724414165.mov\" type=\"video\/mp4\" preload=\"none\"><\/video><\/div>                  <\/div>\n\n    \n      \n      <div class=\"container\">\n        <div class=\"cell bottom \">\n          <div class=\"heading heading-with-num-type2\">\n        <div class=\"top\">\n          <div class=\"num\"><\/div>\n          \n        <\/div>\n        <h2 class=\"h\">E-R\u00e9putation<\/h2>\n      <\/div>\n          <div class=\"text\">Analyse et suppression des traces ind\u00e9sirables sur internet pour reprendre le contr\u00f4le de votre image en ligne.<\/div>\n          <a href=\"https:\/\/nayehza.com\/index.php\/e-reputation\/\" class=\"button-style2\"><span>Lire la suite<\/span><\/a>\n          \n        <\/div>\n      <\/div>\n    <\/div><div class=\"item swiper-slide banner-item-5d5fdb0354688 tal with-shadow white\">\n      <div class=\"bg-image\" style=\"\"><\/div>\n      \n    <div class=\"bg-overlay\">\n              <div class=\"video-wrap\"><video class=\"video\" playsinline muted loop src=\"http:\/\/nayehza.com\/wp-content\/uploads\/2024\/11\/AdobeStock_582832050.mov\" type=\"video\/mp4\" preload=\"none\"><\/video><\/div>                  <\/div>\n\n    \n      \n      <div class=\"container\">\n        <div class=\"cell bottom \">\n          <div class=\"heading heading-with-num-type2\">\n        <div class=\"top\">\n          <div class=\"num\"><\/div>\n          \n        <\/div>\n        <h2 class=\"h\">Data Protection RGPD<\/h2>\n      <\/div>\n          <div class=\"text\">Audits et consultance techniques pour la mise en conformit\u00e9 RGPD.<\/div>\n          <a href=\"https:\/\/nayehza.com\/index.php\/data-protection-officer\/\" class=\"button-style2\"><span>Lire la suite<\/span><\/a>\n          \n        <\/div>\n      <\/div>\n    <\/div><\/div><\/div><div class=\"owl-nav\"><div class=\"owl-prev basic-ui-icon-left-arrow\"><\/div><div class=\"owl-next basic-ui-icon-right-arrow\"><\/div><\/div><div class=\"owl-dots\"><\/div><\/div><\/div>[\/vc_column][\/vc_row]<\/p>\n<\/div>","protected":false},"excerpt":{"rendered":"<p>[vc_row full_width=&#8221;stretch_row_content_no_spaces&#8221;][vc_column][\/vc_column][\/vc_row]<\/p>\n","protected":false},"author":1,"featured_media":0,"parent":0,"menu_order":0,"comment_status":"closed","ping_status":"closed","template":"template-landing.php","meta":{"_acf_changed":false,"footnotes":""},"class_list":["post-3239","page","type-page","status-publish","hentry"],"acf":[],"_links":{"self":[{"href":"https:\/\/nayehza.com\/index.php\/wp-json\/wp\/v2\/pages\/3239","targetHints":{"allow":["GET"]}}],"collection":[{"href":"https:\/\/nayehza.com\/index.php\/wp-json\/wp\/v2\/pages"}],"about":[{"href":"https:\/\/nayehza.com\/index.php\/wp-json\/wp\/v2\/types\/page"}],"author":[{"embeddable":true,"href":"https:\/\/nayehza.com\/index.php\/wp-json\/wp\/v2\/users\/1"}],"replies":[{"embeddable":true,"href":"https:\/\/nayehza.com\/index.php\/wp-json\/wp\/v2\/comments?post=3239"}],"version-history":[{"count":26,"href":"https:\/\/nayehza.com\/index.php\/wp-json\/wp\/v2\/pages\/3239\/revisions"}],"predecessor-version":[{"id":3432,"href":"https:\/\/nayehza.com\/index.php\/wp-json\/wp\/v2\/pages\/3239\/revisions\/3432"}],"wp:attachment":[{"href":"https:\/\/nayehza.com\/index.php\/wp-json\/wp\/v2\/media?parent=3239"}],"curies":[{"name":"wp","href":"https:\/\/api.w.org\/{rel}","templated":true}]}}