{"id":3555,"date":"2024-09-09T01:55:52","date_gmt":"2024-09-08T23:55:52","guid":{"rendered":"https:\/\/nayehza.com\/?page_id=3555"},"modified":"2024-11-16T02:42:12","modified_gmt":"2024-11-16T01:42:12","slug":"screening","status":"publish","type":"page","link":"https:\/\/nayehza.com\/index.php\/screening\/","title":{"rendered":"Screening"},"content":{"rendered":"<div class=\"wpb-content-wrapper\"><p>[vc_row full_width=&#8221;stretch_row_content_no_spaces&#8221;][vc_column uniqid=&#8221;66de372d2222f&#8221;]<div class=\"split-screen-type2 split-screen-69f754fdbb7dc\"><div class=\"banner-social-buttons\"><div class=\"links\"><a href=\"#\" class=\"item\"><i class=\"fa fa-facebook\"><\/i> Facebook<\/a><a href=\"https:\/\/www.instagram.com\/nayehza.data\/\" class=\"item\"><i class=\"fa fa-instagram\"><\/i> Instagram<\/a><\/div><\/div><div class=\"items\"><div class=\"screen-item\"><div class=\"row\"><div class=\"item popup-gallery item-left col-12 col-sm-6 item-69f754fdbb86a black header-on-top\" style=\"\"><div class=\"image popup-item\"><img fetchpriority=\"high\" decoding=\"async\" width=\"520\" height=\"520\" src=\"https:\/\/nayehza.com\/wp-content\/uploads\/2024\/09\/0003.jpg\" class=\"attachment-large size-large\" alt=\"\" \/><\/div><\/div><div class=\"item popup-gallery item-right col-12 col-sm-6 item-69f754fdbb86b black header-on-bottom\" style=\"color: #FFFFFF;background-color: #000000;\"><div class=\"heading right\"><div><div class=\"num\">02<\/div><div class=\"text\"><div class=\"s\">Analyse des Risques<\/div><div class=\"h\">Screening <\/div><div class=\"d\"><br \/>Prenez des d\u00e9cisions \u00e9clair\u00e9es avec nos enqu\u00eates bas\u00e9es sur l'Open Source Intelligence.<\/p>\n<p>L'OSINT (Open Source Intelligence) d\u00e9signe la collecte et l\u2019analyse d\u2019informations accessibles publiquement, telles que des donn\u00e9es provenant des r\u00e9seaux sociaux, des forums, des bases de donn\u00e9es publiques, et des rapports d\u2019actualit\u00e9. Notre service de screening utilise ces m\u00e9thodes pour fournir \u00e0 nos clients des informations pr\u00e9cises, fiables et l\u00e9galement obtenues sur des individus ou des entit\u00e9s.<\/div><\/div><\/div><\/div><div class=\"button\"><a href=\"https:\/\/nayehza.com\/\" class=\"button-style1 permalink\" target=\"_self\">Retour<\/a><\/div><\/div><\/div><\/div><div class=\"screen-item\"><div class=\"row\"><div class=\"item popup-gallery item-left col-12 col-sm-6 item-69f754fdbbce0 black header-on-top\" style=\"\"><div class=\"image popup-item\"><img decoding=\"async\" width=\"780\" height=\"1024\" src=\"https:\/\/nayehza.com\/wp-content\/uploads\/2024\/11\/Screening-780x1024.jpg\" class=\"attachment-large size-large\" alt=\"\" \/><\/div><\/div><div class=\"item popup-gallery item-right col-12 col-sm-6 item-69f754fdbbce1 black header-on-bottom\" style=\"\"><div class=\"heading right\"><div><div class=\"text\"><div class=\"s\"><br \/><\/div><div class=\"d\">Nous nous sp\u00e9cialisons dans : <\/p>\n<p>Les enqu\u00eates de pr\u00e9-emploi : Assurez-vous que le candidat que vous envisagez de recruter pr\u00e9sente un profil professionnel int\u00e8gre, avec une v\u00e9rification de ses ant\u00e9c\u00e9dents en ligne et de sa r\u00e9putation num\u00e9rique.<br \/> La due diligence : \u00c9valuez la cr\u00e9dibilit\u00e9 et la r\u00e9putation de futurs partenaires d\u2019affaires ou fournisseurs avant de vous engager dans des collaborations potentiellement risqu\u00e9es. Quels sont les avantages d\u2019un screening avec l\u2019OSINT ?<\/p>\n<p>Donn\u00e9es actualis\u00e9es : L\u2019OSINT permet d\u2019acc\u00e9der \u00e0 des informations r\u00e9centes et pertinentes, souvent n\u00e9glig\u00e9es dans les enqu\u00eates traditionnelles.<br \/>Pr\u00e9vention des risques : En analysant la pr\u00e9sence num\u00e9rique et les comportements en ligne, nous aidons les entreprises \u00e0 \u00e9viter les mauvaises embauches ou partenariats.<br \/>Respect des r\u00e9glementations : Toutes nos recherches sont conformes aux r\u00e9glementations l\u00e9gales en vigueur, assurant un respect total de la confidentialit\u00e9. En utilisant des techniques avanc\u00e9es d\u2019OSINT, nous garantissons des rapports d\u00e9taill\u00e9s et fiables, aidant nos clients \u00e0 prendre des d\u00e9cisions \u00e9clair\u00e9es et \u00e0 limiter les risques.<\/div><\/div><\/div><\/div><\/div><\/div><\/div><\/div><div class=\"pagination-dots\"><\/div><\/div>[\/vc_column][\/vc_row]<\/p>\n<\/div>","protected":false},"excerpt":{"rendered":"<p>[vc_row full_width=&#8221;stretch_row_content_no_spaces&#8221;][vc_column uniqid=&#8221;66de372d2222f&#8221;][\/vc_column][\/vc_row]<\/p>\n","protected":false},"author":1,"featured_media":0,"parent":0,"menu_order":0,"comment_status":"closed","ping_status":"closed","template":"template-landing.php","meta":{"_acf_changed":false,"footnotes":""},"class_list":["post-3555","page","type-page","status-publish","hentry"],"acf":[],"_links":{"self":[{"href":"https:\/\/nayehza.com\/index.php\/wp-json\/wp\/v2\/pages\/3555","targetHints":{"allow":["GET"]}}],"collection":[{"href":"https:\/\/nayehza.com\/index.php\/wp-json\/wp\/v2\/pages"}],"about":[{"href":"https:\/\/nayehza.com\/index.php\/wp-json\/wp\/v2\/types\/page"}],"author":[{"embeddable":true,"href":"https:\/\/nayehza.com\/index.php\/wp-json\/wp\/v2\/users\/1"}],"replies":[{"embeddable":true,"href":"https:\/\/nayehza.com\/index.php\/wp-json\/wp\/v2\/comments?post=3555"}],"version-history":[{"count":4,"href":"https:\/\/nayehza.com\/index.php\/wp-json\/wp\/v2\/pages\/3555\/revisions"}],"predecessor-version":[{"id":3703,"href":"https:\/\/nayehza.com\/index.php\/wp-json\/wp\/v2\/pages\/3555\/revisions\/3703"}],"wp:attachment":[{"href":"https:\/\/nayehza.com\/index.php\/wp-json\/wp\/v2\/media?parent=3555"}],"curies":[{"name":"wp","href":"https:\/\/api.w.org\/{rel}","templated":true}]}}